{"id":16,"date":"2022-09-04T16:30:32","date_gmt":"2022-09-04T16:30:32","guid":{"rendered":"https:\/\/e-poster.saem-dz.org\/?page_id=16"},"modified":"2023-10-01T12:06:52","modified_gmt":"2023-10-01T12:06:52","slug":"formulaire-de-soumission","status":"publish","type":"page","link":"https:\/\/caf.saem-dz.org\/en\/formulaire-de-soumission\/","title":{"rendered":"Formulaire de soumission Abstracts"},"content":{"rendered":"<div data-elementor-type=\"wp-page\" data-elementor-id=\"16\" class=\"elementor elementor-16\" data-elementor-post-type=\"page\">\n\t\t\t\t<!-- dce invisible element 432534c0 -->\t\t<section class=\"dce-visibility-event elementor-section elementor-top-section elementor-element elementor-element-7b8725b4 elementor-section-full_width elementor-section-height-default elementor-section-height-default\" data-id=\"7b8725b4\" data-element_type=\"section\" data-settings=\"{&quot;enabled_visibility&quot;:&quot;yes&quot;,&quot;dce_visibility_selected&quot;:&quot;yes&quot;}\">\n\t\t\t\t\t\t<div class=\"elementor-container elementor-column-gap-default\">\n\t\t\t\t\t<div class=\"elementor-column elementor-col-100 elementor-top-column elementor-element elementor-element-3b4ec748\" data-id=\"3b4ec748\" data-element_type=\"column\">\n\t\t\t<div class=\"elementor-widget-wrap elementor-element-populated\">\n\t\t\t\t\t\t<div class=\"elementor-element elementor-element-3247b67a elementor-widget elementor-widget-slider_revolution\" data-id=\"3247b67a\" data-element_type=\"widget\" data-widget_type=\"slider_revolution.default\">\n\t\t\t\t<div class=\"elementor-widget-container\">\n\t\t\t\t\t\n\t\t<div class=\"wp-block-themepunch-revslider\">\n\t\t\t<!-- START slider REVOLUTION SLIDER 6.7.35 --><p class=\"rs-p-wp-fix\"><\/p>\n\t\t\t<rs-module-wrap id=\"rev_slider_1_1_wrapper\" data-source=\"gallery\" style=\"visibility:hidden;background:transparent;padding:0;\">\n\t\t\t\t<rs-module id=\"rev_slider_1_1\" style=\"\" data-version=\"6.7.35\">\n\t\t\t\t\t<rs-slides style=\"overflow: hidden; position: absolute;\">\n\t\t\t\t\t\t<rs-slide style=\"position: absolute;\" data-key=\"rs-1\" data-title=\"Intro\" data-anim=\"adpr:false;ms:2000;\" data-in=\"o:-0.5;sx:1.6;sy:1.6;e:power4.inOut;\" data-out=\"o:0;sx:0.6;sy:0.6;e:power4.inOut;\">\n\t\t\t\t\t\t\t<img fetchpriority=\"high\" decoding=\"async\" src=\"\/\/caf.saem-dz.org\/wp-content\/plugins\/revslider\/sr6\/assets\/assets\/dummy.png\" alt=\"\" title=\"background\" width=\"1920\" height=\"1080\" class=\"rev-slidebg tp-rs-img rs-lazyload\" data-lazyload=\"\/\/caf.saem-dz.org\/wp-content\/uploads\/2023\/10\/background.png\" data-bg=\"p:center bottom;\" data-parallax=\"10\" data-no-retina>\n<!--\n\t\t\t\t\t\t\t--><rs-layer\n\t\t\t\t\t\t\t\tid=\"slider-1-slide-1-layer-0\" \n\t\t\t\t\t\t\t\tdata-type=\"image\"\n\t\t\t\t\t\t\t\tdata-rsp_ch=\"on\"\n\t\t\t\t\t\t\t\tdata-xy=\"x:c;xo:79px,65px,31px,6px;y:m;yo:-130px,-108px,-51px,-44px;\"\n\t\t\t\t\t\t\t\tdata-text=\"w:normal;s:20,16,7,4;l:0,20,9,6;\"\n\t\t\t\t\t\t\t\tdata-dim=\"w:3066px,2555px,1226px,326px;h:830px,691px,331px,130px;\"\n\t\t\t\t\t\t\t\tdata-frame_1=\"x:4px,3px,1px,0px;y:39px,32px,15px,9px;st:1500;sp:1500;sR:2020;\"\n\t\t\t\t\t\t\t\tdata-frame_999=\"o:0;st:w;sR:6680;\"\n\t\t\t\t\t\t\t\tdata-frame_hover=\"e:SFXBounceStrong;\"\n\t\t\t\t\t\t\t\tstyle=\"z-index:7;\"\n\t\t\t\t\t\t\t><img decoding=\"async\" src=\"\/\/caf.saem-dz.org\/wp-content\/plugins\/revslider\/sr6\/assets\/assets\/dummy.png\" alt=\"\" class=\"tp-rs-img rs-lazyload\" width=\"1920\" height=\"520\" data-lazyload=\"\/\/caf.saem-dz.org\/wp-content\/uploads\/2023\/10\/center_banner.png\" data-no-retina> \n\t\t\t\t\t\t\t<\/rs-layer><!--\n\n\t\t\t\t\t\t\t--><a\n\t\t\t\t\t\t\t\tid=\"slider-1-slide-1-layer-1\" \n\t\t\t\t\t\t\t\tclass=\"rs-layer\"\n\t\t\t\t\t\t\t\thref=\"https:\/\/saem2023.visiocare.org\/agenda\" target=\"_self\"\n\t\t\t\t\t\t\t\tdata-type=\"image\"\n\t\t\t\t\t\t\t\tdata-rsp_ch=\"on\"\n\t\t\t\t\t\t\t\tdata-xy=\"x:c;xo:479px,399px,4px,7px;y:b;yo:591px,492px,295px,28px;\"\n\t\t\t\t\t\t\t\tdata-text=\"w:normal;s:20,16,7,4;l:0,20,9,6;\"\n\t\t\t\t\t\t\t\tdata-dim=\"w:373px,310px,148px,223px;h:117px,97px,46px,55px;\"\n\t\t\t\t\t\t\t\tdata-frame_1=\"x:2px,1px,0px,0px;y:45px,37px,17px,10px;e:power0.in;st:2200;sp:1000;sR:2200;\"\n\t\t\t\t\t\t\t\tdata-frame_999=\"o:0;st:w;sR:6500;\"\n\t\t\t\t\t\t\t\tstyle=\"z-index:9;\"\n\t\t\t\t\t\t\t><img decoding=\"async\" src=\"\/\/caf.saem-dz.org\/wp-content\/plugins\/revslider\/sr6\/assets\/assets\/dummy.png\" alt=\"\" class=\"tp-rs-img rs-lazyload\" width=\"522\" height=\"164\" data-lazyload=\"\/\/caf.saem-dz.org\/wp-content\/uploads\/2023\/10\/agenda-btn.png\" data-no-retina> \n\t\t\t\t\t\t\t<\/a><!--\n\n\t\t\t\t\t\t\t--><a\n\t\t\t\t\t\t\t\tid=\"slider-1-slide-1-layer-4\" \n\t\t\t\t\t\t\t\tclass=\"rs-layer\"\n\t\t\t\t\t\t\t\thref=\"https:\/\/saem2023.visiocare.org\/register\" target=\"_self\"\n\t\t\t\t\t\t\t\tdata-type=\"image\"\n\t\t\t\t\t\t\t\tdata-rsp_ch=\"on\"\n\t\t\t\t\t\t\t\tdata-xy=\"x:c;xo:476px,396px,4px,7px;y:b;yo:732px,610px,295px,28px;\"\n\t\t\t\t\t\t\t\tdata-text=\"w:normal;s:20,16,7,4;l:0,20,9,6;\"\n\t\t\t\t\t\t\t\tdata-dim=\"w:362px,301px,144px,223px;h:113px,94px,45px,55px;\"\n\t\t\t\t\t\t\t\tdata-frame_1=\"x:2px,1px,0px,0px;y:45px,37px,17px,10px;st:2200;sp:1000;sR:2200;\"\n\t\t\t\t\t\t\t\tdata-frame_999=\"o:0;st:w;sR:6500;\"\n\t\t\t\t\t\t\t\tdata-frame_hover=\"e:power2.in;\"\n\t\t\t\t\t\t\t\tstyle=\"z-index:8;\"\n\t\t\t\t\t\t\t><img loading=\"lazy\" decoding=\"async\" src=\"\/\/caf.saem-dz.org\/wp-content\/plugins\/revslider\/sr6\/assets\/assets\/dummy.png\" alt=\"\" class=\"tp-rs-img rs-lazyload\" width=\"591\" height=\"185\" data-lazyload=\"\/\/caf.saem-dz.org\/wp-content\/uploads\/2023\/10\/btn_mob.png\" data-no-retina> \n\t\t\t\t\t\t\t<\/a><!--\n\n\t\t\t\t\t\t\t--><rs-layer\n\t\t\t\t\t\t\t\tid=\"slider-1-slide-1-layer-10\" \n\t\t\t\t\t\t\t\tclass=\"tp-shape tp-shapewrapper\"\n\t\t\t\t\t\t\t\tdata-type=\"shape\"\n\t\t\t\t\t\t\t\tdata-xy=\"x:c;xo:55px,45px,5px,0;y:m;yo:-148px,-123px,-22px,0;\"\n\t\t\t\t\t\t\t\tdata-text=\"s:20,16,7,4;l:0,20,9,6;fw:800;\"\n\t\t\t\t\t\t\t\tdata-dim=\"w:100%;h:100%;\"\n\t\t\t\t\t\t\t\tdata-basealign=\"slide\"\n\t\t\t\t\t\t\t\tdata-frame_1=\"st:750;sp:1500;sR:750;\"\n\t\t\t\t\t\t\t\tdata-frame_999=\"e:nothing;st:w;sR:6750;\"\n\t\t\t\t\t\t\t\tstyle=\"z-index:6;background-color:rgba(17,17,17,0.03);\"\n\t\t\t\t\t\t\t> \n\t\t\t\t\t\t\t<\/rs-layer><!--\n-->\t\t\t\t\t<\/rs-slide>\n\t\t\t\t\t<\/rs-slides>\n\t\t\t\t<\/rs-module>\n\t\t\t\t<script>\n\t\t\t\t\tsetREVStartSize({c: 'rev_slider_1_1',rl:[1240,1024,778,480],el:[1300,700,400,300],gw:[1920,1600,768,480],gh:[1300,900,700,300],type:'standard',justify:'',layout:'fullscreen',offsetContainer:'.site-header',offset:'',mh:\"400\"});if (window.RS_MODULES!==undefined && window.RS_MODULES.modules!==undefined && window.RS_MODULES.modules[\"revslider11\"]!==undefined) {window.RS_MODULES.modules[\"revslider11\"].once = false;window.revapi1 = undefined;if (window.RS_MODULES.checkMinimal!==undefined) window.RS_MODULES.checkMinimal()}\n\t\t\t\t<\/script>\n\t\t\t<\/rs-module-wrap>\n\t\t\t<!-- END REVOLUTION SLIDER -->\n<\/div>\n\n\t\t\t\t\t\t<\/div>\n\t\t\t\t<\/div>\n\t\t\t\t\t<\/div>\n\t\t<\/div>\n\t\t\t\t\t<\/div>\n\t\t<\/section>\n\t\t\t\t<section class=\"elementor-section elementor-top-section elementor-element elementor-element-420f7f5 elementor-section-boxed elementor-section-height-default elementor-section-height-default\" data-id=\"420f7f5\" data-element_type=\"section\">\n\t\t\t\t\t\t<div class=\"elementor-container elementor-column-gap-default\">\n\t\t\t\t\t<div class=\"elementor-column elementor-col-100 elementor-top-column elementor-element elementor-element-032828b\" data-id=\"032828b\" data-element_type=\"column\">\n\t\t\t<div class=\"elementor-widget-wrap elementor-element-populated\">\n\t\t\t\t\t\t<div class=\"elementor-element elementor-element-9aeeebd elementor-widget elementor-widget-spacer\" data-id=\"9aeeebd\" data-element_type=\"widget\" data-widget_type=\"spacer.default\">\n\t\t\t\t<div class=\"elementor-widget-container\">\n\t\t\t\t\t\t\t<div class=\"elementor-spacer\">\n\t\t\t<div class=\"elementor-spacer-inner\"><\/div>\n\t\t<\/div>\n\t\t\t\t\t\t<\/div>\n\t\t\t\t<\/div>\n\t\t\t\t\t<\/div>\n\t\t<\/div>\n\t\t\t\t\t<\/div>\n\t\t<\/section>\n\t\t\t\t<section class=\"dce-visibility-event elementor-section elementor-top-section elementor-element elementor-element-d5f6ae9 elementor-section-boxed elementor-section-height-default elementor-section-height-default\" data-id=\"d5f6ae9\" data-element_type=\"section\" data-settings=\"{&quot;enabled_visibility&quot;:&quot;yes&quot;,&quot;dce_visibility_selected&quot;:&quot;yes&quot;}\">\n\t\t\t\t\t\t<div class=\"elementor-container elementor-column-gap-default\">\n\t\t\t\t\t<div class=\"elementor-column elementor-col-100 elementor-top-column elementor-element elementor-element-826f4e5\" data-id=\"826f4e5\" data-element_type=\"column\" data-settings=\"{&quot;background_background&quot;:&quot;classic&quot;}\">\n\t\t\t<div class=\"elementor-widget-wrap elementor-element-populated\">\n\t\t\t\t\t\t<div class=\"elementor-element elementor-element-5d90d48 elementor-widget elementor-widget-text-editor\" data-id=\"5d90d48\" data-element_type=\"widget\" data-widget_type=\"text-editor.default\">\n\t\t\t\t<div class=\"elementor-widget-container\">\n\t\t\t\t\t\t\t\t\t<h2>APPEL \u00c0 COMMUNICATION<\/h2><p>Pour soumettre un r\u00e9sum\u00e9 ou retrouver vos r\u00e9sum\u00e9s d\u00e9j\u00e0 soumis, connectez-vous \u00e0 votre Espace Personnel.<\/p>\t\t\t\t\t\t\t\t<\/div>\n\t\t\t\t<\/div>\n\t\t\t\t\t<\/div>\n\t\t<\/div>\n\t\t\t\t\t<\/div>\n\t\t<\/section>\n\t\t\t\t<section class=\"elementor-section elementor-top-section elementor-element elementor-element-f46f7c6 elementor-section-boxed elementor-section-height-default elementor-section-height-default\" data-id=\"f46f7c6\" data-element_type=\"section\">\n\t\t\t\t\t\t<div class=\"elementor-container elementor-column-gap-default\">\n\t\t\t\t\t<div class=\"elementor-column elementor-col-50 elementor-top-column elementor-element elementor-element-690d3ff\" data-id=\"690d3ff\" data-element_type=\"column\">\n\t\t\t<div class=\"elementor-widget-wrap elementor-element-populated\">\n\t\t\t\t\t\t<div class=\"elementor-element elementor-element-98d7d1b dce_masking-none elementor-widget elementor-widget-image\" data-id=\"98d7d1b\" data-element_type=\"widget\" data-widget_type=\"image.default\">\n\t\t\t\t<div class=\"elementor-widget-container\">\n\t\t\t\t\t\t\t\t\t\t\t\t\t\t\t<img loading=\"lazy\" decoding=\"async\" width=\"722\" height=\"1024\" src=\"https:\/\/caf.saem-dz.org\/wp-content\/uploads\/2023\/06\/Affiche-design-e1686692990331-722x1024.png\" class=\"attachment-large size-large wp-image-1902\" alt=\"\" srcset=\"https:\/\/caf.saem-dz.org\/wp-content\/uploads\/2023\/06\/Affiche-design-e1686692990331-722x1024.png 722w, https:\/\/caf.saem-dz.org\/wp-content\/uploads\/2023\/06\/Affiche-design-e1686692990331-212x300.png 212w, https:\/\/caf.saem-dz.org\/wp-content\/uploads\/2023\/06\/Affiche-design-e1686692990331-768x1089.png 768w, https:\/\/caf.saem-dz.org\/wp-content\/uploads\/2023\/06\/Affiche-design-e1686692990331-1083x1536.png 1083w, https:\/\/caf.saem-dz.org\/wp-content\/uploads\/2023\/06\/Affiche-design-e1686692990331.png 1226w\" sizes=\"(max-width: 722px) 100vw, 722px\" \/>\t\t\t\t\t\t\t\t\t\t\t\t\t\t\t<\/div>\n\t\t\t\t<\/div>\n\t\t\t\t\t<\/div>\n\t\t<\/div>\n\t\t\t\t<div class=\"elementor-column elementor-col-50 elementor-top-column elementor-element elementor-element-b7003cb\" data-id=\"b7003cb\" data-element_type=\"column\">\n\t\t\t<div class=\"elementor-widget-wrap elementor-element-populated\">\n\t\t\t\t\t\t<div class=\"elementor-element elementor-element-0313e1a elementor-widget elementor-widget-text-editor\" data-id=\"0313e1a\" data-element_type=\"widget\" data-widget_type=\"text-editor.default\">\n\t\t\t\t<div class=\"elementor-widget-container\">\n\t\t\t\t\t\t\t\t\t<p style=\"text-align: left;\">La soci\u00e9t\u00e9 Alg\u00e9rienne d\u2019Endocrinologie et M\u00e9tabolisme a le plaisir de vous annoncer que son\u00a0<strong>38\u00e8me\u00a0congr\u00e8s\u00a0annuel<\/strong>\u00a0aura lieu\u00a0les\u00a0<b>19 \u2013 20 et 21 Octobre 2023 \u2013 H\u00f4tel EL Aurassi \u2013 Alger .<\/b><\/p><p><strong>Les th\u00e8mes retenus sont :<\/strong><\/p><ul><li>Pathologies surr\u00e9naliennes de l\u2019enfant et de l\u2019adulte.<\/li><li>Endocrinopathies et os.<\/li><li>Maladies m\u00e9taboliques et nutrition.<\/li><li>Les Diab\u00e8tes atypiques.<\/li><li>Diab\u00e8te et grossesse.<\/li><li>Atteintes vasculaires et neurologiques du pied diab\u00e9tique.<\/li><li>Communications libres.<\/li><\/ul><p>Nous vous prions de bien vouloir nous envoyer vos abstracts sur le formulaire suivant :\u00a0<\/p>\t\t\t\t\t\t\t\t<\/div>\n\t\t\t\t<\/div>\n\t\t\t\t<div class=\"elementor-element elementor-element-53f48aa elementor-widget elementor-widget-heading\" data-id=\"53f48aa\" data-element_type=\"widget\" data-widget_type=\"heading.default\">\n\t\t\t\t<div class=\"elementor-widget-container\">\n\t\t\t\t\t<h5 class=\"elementor-heading-title elementor-size-default\">Date limite : avant le 30 Juillet 2023 \u00e0 minuit.<\/h5>\t\t\t\t<\/div>\n\t\t\t\t<\/div>\n\t\t\t\t\t<\/div>\n\t\t<\/div>\n\t\t\t\t\t<\/div>\n\t\t<\/section>\n\t\t\t\t<section class=\"elementor-section elementor-top-section elementor-element elementor-element-1117b5b elementor-section-boxed elementor-section-height-default elementor-section-height-default\" data-id=\"1117b5b\" data-element_type=\"section\">\n\t\t\t\t\t\t<div class=\"elementor-container elementor-column-gap-default\">\n\t\t\t\t\t<div class=\"elementor-column elementor-col-100 elementor-top-column elementor-element elementor-element-a7cf76f\" data-id=\"a7cf76f\" data-element_type=\"column\">\n\t\t\t<div class=\"elementor-widget-wrap elementor-element-populated\">\n\t\t\t\t\t\t<div class=\"elementor-element elementor-element-160bef3 elementor-widget elementor-widget-spacer\" data-id=\"160bef3\" data-element_type=\"widget\" data-widget_type=\"spacer.default\">\n\t\t\t\t<div class=\"elementor-widget-container\">\n\t\t\t\t\t\t\t<div class=\"elementor-spacer\">\n\t\t\t<div class=\"elementor-spacer-inner\"><\/div>\n\t\t<\/div>\n\t\t\t\t\t\t<\/div>\n\t\t\t\t<\/div>\n\t\t\t\t\t<\/div>\n\t\t<\/div>\n\t\t\t\t\t<\/div>\n\t\t<\/section>\n\t\t<!-- dce invisible element 5c860a5 -->\t\t<\/div>","protected":false},"excerpt":{"rendered":"<p>APPEL \u00c0 COMMUNICATION Pour soumettre un r\u00e9sum\u00e9 ou retrouver vos r\u00e9sum\u00e9s d\u00e9j\u00e0 soumis, connectez-vous \u00e0 votre Espace Personnel. Enregistrez-vous La soci\u00e9t\u00e9 Alg\u00e9rienne d\u2019Endocrinologie et M\u00e9tabolisme a le plaisir de vous annoncer que son\u00a038\u00e8me\u00a0congr\u00e8s\u00a0annuel\u00a0aura lieu\u00a0les\u00a019 \u2013 20 et 21 Octobre 2023 \u2013 H\u00f4tel EL Aurassi \u2013 Alger . Les th\u00e8mes retenus sont : Pathologies surr\u00e9naliennes de [&hellip;]<\/p>","protected":false},"author":1,"featured_media":0,"parent":0,"menu_order":0,"comment_status":"closed","ping_status":"closed","template":"","meta":{"site-sidebar-layout":"default","site-content-layout":"","ast-site-content-layout":"default","site-content-style":"default","site-sidebar-style":"default","ast-global-header-display":"","ast-banner-title-visibility":"","ast-main-header-display":"","ast-hfb-above-header-display":"","ast-hfb-below-header-display":"","ast-hfb-mobile-header-display":"","site-post-title":"","ast-breadcrumbs-content":"","ast-featured-img":"","footer-sml-layout":"","theme-transparent-header-meta":"","adv-header-id-meta":"","stick-header-meta":"","header-above-stick-meta":"","header-main-stick-meta":"","header-below-stick-meta":"","astra-migrate-meta-layouts":"default","ast-page-background-enabled":"default","ast-page-background-meta":{"desktop":{"background-color":"var(--ast-global-color-4)","background-image":"","background-repeat":"repeat","background-position":"center center","background-size":"auto","background-attachment":"scroll","background-type":"","background-media":"","overlay-type":"","overlay-color":"","overlay-opacity":"","overlay-gradient":""},"tablet":{"background-color":"","background-image":"","background-repeat":"repeat","background-position":"center center","background-size":"auto","background-attachment":"scroll","background-type":"","background-media":"","overlay-type":"","overlay-color":"","overlay-opacity":"","overlay-gradient":""},"mobile":{"background-color":"","background-image":"","background-repeat":"repeat","background-position":"center center","background-size":"auto","background-attachment":"scroll","background-type":"","background-media":"","overlay-type":"","overlay-color":"","overlay-opacity":"","overlay-gradient":""}},"ast-content-background-meta":{"desktop":{"background-color":"var(--ast-global-color-5)","background-image":"","background-repeat":"repeat","background-position":"center center","background-size":"auto","background-attachment":"scroll","background-type":"","background-media":"","overlay-type":"","overlay-color":"","overlay-opacity":"","overlay-gradient":""},"tablet":{"background-color":"var(--ast-global-color-5)","background-image":"","background-repeat":"repeat","background-position":"center center","background-size":"auto","background-attachment":"scroll","background-type":"","background-media":"","overlay-type":"","overlay-color":"","overlay-opacity":"","overlay-gradient":""},"mobile":{"background-color":"var(--ast-global-color-5)","background-image":"","background-repeat":"repeat","background-position":"center center","background-size":"auto","background-attachment":"scroll","background-type":"","background-media":"","overlay-type":"","overlay-color":"","overlay-opacity":"","overlay-gradient":""}},"footnotes":""},"class_list":["post-16","page","type-page","status-publish","hentry"],"ams_acf":[],"_links":{"self":[{"href":"https:\/\/caf.saem-dz.org\/en\/wp-json\/wp\/v2\/pages\/16","targetHints":{"allow":["GET"]}}],"collection":[{"href":"https:\/\/caf.saem-dz.org\/en\/wp-json\/wp\/v2\/pages"}],"about":[{"href":"https:\/\/caf.saem-dz.org\/en\/wp-json\/wp\/v2\/types\/page"}],"author":[{"embeddable":true,"href":"https:\/\/caf.saem-dz.org\/en\/wp-json\/wp\/v2\/users\/1"}],"replies":[{"embeddable":true,"href":"https:\/\/caf.saem-dz.org\/en\/wp-json\/wp\/v2\/comments?post=16"}],"version-history":[{"count":267,"href":"https:\/\/caf.saem-dz.org\/en\/wp-json\/wp\/v2\/pages\/16\/revisions"}],"predecessor-version":[{"id":2679,"href":"https:\/\/caf.saem-dz.org\/en\/wp-json\/wp\/v2\/pages\/16\/revisions\/2679"}],"wp:attachment":[{"href":"https:\/\/caf.saem-dz.org\/en\/wp-json\/wp\/v2\/media?parent=16"}],"curies":[{"name":"wp","href":"https:\/\/api.w.org\/{rel}","templated":true}]}}