{"id":1702,"date":"2023-06-12T21:42:10","date_gmt":"2023-06-12T21:42:10","guid":{"rendered":"https:\/\/abstracts.saem-dz.org\/?page_id=1702"},"modified":"2025-09-28T11:24:46","modified_gmt":"2025-09-28T10:24:46","slug":"mon-espace","status":"publish","type":"page","link":"https:\/\/caf.saem-dz.org\/en\/mon-espace\/","title":{"rendered":"My Space"},"content":{"rendered":"<div data-elementor-type=\"wp-page\" data-elementor-id=\"1702\" class=\"elementor elementor-1702\" data-elementor-post-type=\"page\">\n\t\t\t\t\t\t<section class=\"elementor-section elementor-top-section elementor-element elementor-element-c63f4fe elementor-section-boxed elementor-section-height-default elementor-section-height-default\" data-id=\"c63f4fe\" data-element_type=\"section\" data-e-type=\"section\">\n\t\t\t\t\t\t<div class=\"elementor-container elementor-column-gap-default\">\n\t\t\t\t\t<div class=\"elementor-column elementor-col-100 elementor-top-column elementor-element elementor-element-df8e871\" data-id=\"df8e871\" data-element_type=\"column\" data-e-type=\"column\">\n\t\t\t<div class=\"elementor-widget-wrap elementor-element-populated\">\n\t\t\t\t\t\t<div class=\"elementor-element elementor-element-d68c983 elementor-widget elementor-widget-spacer\" data-id=\"d68c983\" data-element_type=\"widget\" data-e-type=\"widget\" data-widget_type=\"spacer.default\">\n\t\t\t\t<div class=\"elementor-widget-container\">\n\t\t\t\t\t\t\t<div class=\"elementor-spacer\">\n\t\t\t<div class=\"elementor-spacer-inner\"><\/div>\n\t\t<\/div>\n\t\t\t\t\t\t<\/div>\n\t\t\t\t<\/div>\n\t\t\t\t\t<\/div>\n\t\t<\/div>\n\t\t\t\t\t<\/div>\n\t\t<\/section>\n\t\t\t\t<section class=\"dce-visibility-event elementor-section elementor-top-section elementor-element elementor-element-308e4f0a elementor-section-boxed elementor-section-height-default elementor-section-height-default\" data-id=\"308e4f0a\" data-element_type=\"section\" data-e-type=\"section\" data-settings=\"{&quot;background_background&quot;:&quot;classic&quot;,&quot;enabled_visibility&quot;:&quot;yes&quot;,&quot;dce_visibility_selected&quot;:&quot;yes&quot;}\">\n\t\t\t\t\t\t<div class=\"elementor-container elementor-column-gap-default\">\n\t\t\t\t\t<div class=\"elementor-column elementor-col-33 elementor-top-column elementor-element elementor-element-684e758d\" data-id=\"684e758d\" data-element_type=\"column\" data-e-type=\"column\" data-settings=\"{&quot;background_background&quot;:&quot;classic&quot;}\">\n\t\t\t<div class=\"elementor-widget-wrap elementor-element-populated\">\n\t\t\t\t\t\t<div class=\"elementor-element elementor-element-24dd03b elementor-widget elementor-widget-heading\" data-id=\"24dd03b\" data-element_type=\"widget\" data-e-type=\"widget\" data-widget_type=\"heading.default\">\n\t\t\t\t<div class=\"elementor-widget-container\">\n\t\t\t\t\t<h2 class=\"elementor-heading-title elementor-size-default\">Premi\u00e8re Fois?<\/h2>\t\t\t\t<\/div>\n\t\t\t\t<\/div>\n\t\t\t\t<div class=\"elementor-element elementor-element-25dab4d1 elementor-widget elementor-widget-text-editor\" data-id=\"25dab4d1\" data-element_type=\"widget\" data-e-type=\"widget\" data-widget_type=\"text-editor.default\">\n\t\t\t\t<div class=\"elementor-widget-container\">\n\t\t\t\t\t\t\t\t\t<p>In order to access your personal space, you must first create an account.<br \/>Enregistrez-vous d\u00e8s maintenant \u00e0 partir d&#8217;ici.<\/p>\t\t\t\t\t\t\t\t<\/div>\n\t\t\t\t<\/div>\n\t\t\t\t<div class=\"elementor-element elementor-element-3923014 elementor-align-center elementor-widget elementor-widget-button\" data-id=\"3923014\" data-element_type=\"widget\" data-e-type=\"widget\" data-widget_type=\"button.default\">\n\t\t\t\t<div class=\"elementor-widget-container\">\n\t\t\t\t\t\t\t\t\t<div class=\"elementor-button-wrapper\">\n\t\t\t\t\t<a class=\"elementor-button elementor-button-link elementor-size-sm\" href=\"https:\/\/caf.saem-dz.org\/en\/creer-un-compte\/\">\n\t\t\t\t\t\t<span class=\"elementor-button-content-wrapper\">\n\t\t\t\t\t\t\t\t\t<span class=\"elementor-button-text\">Cr\u00e9er un compte<\/span>\n\t\t\t\t\t<\/span>\n\t\t\t\t\t<\/a>\n\t\t\t\t<\/div>\n\t\t\t\t\t\t\t\t<\/div>\n\t\t\t\t<\/div>\n\t\t\t\t\t<\/div>\n\t\t<\/div>\n\t\t\t\t<div class=\"elementor-column elementor-col-33 elementor-top-column elementor-element elementor-element-46d6d5ac\" data-id=\"46d6d5ac\" data-element_type=\"column\" data-e-type=\"column\">\n\t\t\t<div class=\"elementor-widget-wrap\">\n\t\t\t\t\t\t\t<\/div>\n\t\t<\/div>\n\t\t\t\t<div class=\"elementor-column elementor-col-33 elementor-top-column elementor-element elementor-element-791cee29\" data-id=\"791cee29\" data-element_type=\"column\" data-e-type=\"column\" data-settings=\"{&quot;background_background&quot;:&quot;classic&quot;}\">\n\t\t\t<div class=\"elementor-widget-wrap elementor-element-populated\">\n\t\t\t\t\t\t<div class=\"elementor-element elementor-element-b5e791a elementor-widget elementor-widget-heading\" data-id=\"b5e791a\" data-element_type=\"widget\" data-e-type=\"widget\" data-widget_type=\"heading.default\">\n\t\t\t\t<div class=\"elementor-widget-container\">\n\t\t\t\t\t<h2 class=\"elementor-heading-title elementor-size-default\">Login<\/h2>\t\t\t\t<\/div>\n\t\t\t\t<\/div>\n\t\t\t\t<div class=\"elementor-element elementor-element-6a988577 elementor-button-align-center elementor-widget elementor-widget-pp-login-form\" data-id=\"6a988577\" data-element_type=\"widget\" data-e-type=\"widget\" data-settings=\"{&quot;enable_ajax&quot;:&quot;yes&quot;,&quot;enable_recaptcha&quot;:&quot;no&quot;,&quot;facebook_login&quot;:&quot;no&quot;}\" data-widget_type=\"pp-login-form.default\">\n\t\t\t\t<div class=\"elementor-widget-container\">\n\t\t\t\t\t\t\t<div class=\"pp-login-form-wrap\" data-page-url=\"https:\/\/caf.saem-dz.org\/en\/mon-espace\/\">\n\n\t\t\n\t\t\t<form class=\"pp-form pp-login-form elementor-form\" id=\"pp-form-6a988577\" method=\"post\" action=\"https:\/\/caf.saem-dz.org\/wp-login.php\">\n\t\t\t\t\t\t\t\t<input type=\"hidden\" id=\"ppe-lf-login-nonce\" name=\"ppe-lf-login-nonce\" value=\"daf0c468f7\" \/><input type=\"hidden\" name=\"_wp_http_referer\" value=\"\/en\/wp-json\/wp\/v2\/pages\/1702\" \/>\t\t\t\t<input type=\"hidden\" name=\"redirect_to\" value=\"\/en\/wp-json\/wp\/v2\/pages\/1702\">\n\t\t\t\t<div class=\"elementor-form-fields-wrapper\">\n\t\t\t\t\t<div class=\"elementor-field-type-text elementor-field-group elementor-column elementor-col-100 elementor-field-required\">\n\t\t\t\t\t\t<input size=\"1\" type=\"text\" name=\"log\" id=\"user\" placeholder=\"Adresse Email\" class=\"elementor-field elementor-field-textual elementor-size-sm\">\t\t\t\t\t<\/div>\n\t\t\t\t\t<div class=\"elementor-field-type-text elementor-field-group elementor-column elementor-col-100 form-field-password\">\n\t\t\t\t\t\t\t\t\t\t\t\t<div class=\"pp-lf-field-inner\">\n\t\t\t\t\t\t\t<input size=\"1\" type=\"password\" name=\"pwd\" id=\"password\" placeholder=\"Password\" class=\"elementor-field elementor-field-textual elementor-size-sm\" >\n\t\t\t\t\t\t\t\t\t\t\t\t\t<\/div>\n\t\t\t\t\t<\/div>\n\n\t\t\t\t\t\n\t\t\t\t\t\n\t\t\t\t\t<div class=\"elementor-field-group elementor-column elementor-field-type-submit elementor-col-100\">\n\t\t\t\t\t\t<button type=\"submit\" class=\"elementor-size-md elementor-button pp-submit-button\" name=\"wp-submit\">\n\t\t\t\t\t\t\t\t\t\t\t\t\t\t\t<span class=\"elementor-button-text\">Login<\/span>\n\t\t\t\t\t\t\t\t\t\t\t\t\t<\/button>\n\t\t\t\t\t<\/div>\n\n\t\t\t\t\t\t\t\t\t\t\t<div class=\"elementor-field-group elementor-column elementor-col-100 pp-login-form-links\">\n\t\t\t\t\t\t\t\t\t\t\t\t\t\t\t<a class=\"elementor-lost-password\" href=\"\/en\/wp-json\/wp\/v2\/pages\/1702?lost_pass=1\">\n\t\t\t\t\t\t\t\t\tForgot your password?\t\t\t\t\t\t\t\t<\/a>\n\t\t\t\t\t\t\t\n\t\t\t\t\t\t\t\t\t\t\t\t\t<\/div>\n\t\t\t\t\t\t\t\t\t<\/div>\n\t\t\t\t\t\t\t\t\n\t\t\t\t\t\t\t<\/form>\n\t\t\t\n\t\t<\/div>\n\t\t\t\t\t\t<\/div>\n\t\t\t\t<\/div>\n\t\t\t\t\t<\/div>\n\t\t<\/div>\n\t\t\t\t\t<\/div>\n\t\t<\/section>\n\t\t<!-- dce invisible element 5ed78e3 --><style>\n\t\t\t.fancybox-container {\n\t\t\t\tz-index: 100000; \/** Divi is 99999 *\/\n\t\t\t}\n\n\t\t\t.admin-bar .fancybox-container {\n\t\t\t\tmargin-top: 32px;\n\t\t\t}\n\t\t<\/style><style>\n\t\t\t.fancybox-container {\n\t\t\t\tz-index: 100000; \/** Divi is 99999 *\/\n\t\t\t}\n\n\t\t\t.admin-bar .fancybox-container {\n\t\t\t\tmargin-top: 32px;\n\t\t\t}\n\t\t<\/style><!-- dce invisible element 3b86ec8 --><style>\n\t\t\t.fancybox-container {\n\t\t\t\tz-index: 100000; \/** Divi is 99999 *\/\n\t\t\t}\n\n\t\t\t.admin-bar .fancybox-container {\n\t\t\t\tmargin-top: 32px;\n\t\t\t}\n\t\t<\/style>\t\t<section class=\"elementor-section elementor-top-section elementor-element elementor-element-a7aec5a elementor-section-boxed elementor-section-height-default elementor-section-height-default\" data-id=\"a7aec5a\" data-element_type=\"section\" data-e-type=\"section\">\n\t\t\t\t\t\t<div class=\"elementor-container elementor-column-gap-default\">\n\t\t\t\t\t<div class=\"elementor-column elementor-col-100 elementor-top-column elementor-element elementor-element-590a088\" data-id=\"590a088\" data-element_type=\"column\" data-e-type=\"column\">\n\t\t\t<div class=\"elementor-widget-wrap elementor-element-populated\">\n\t\t\t\t\t\t<div class=\"elementor-element elementor-element-60fe6d1 elementor-widget elementor-widget-html\" data-id=\"60fe6d1\" data-element_type=\"widget\" data-e-type=\"widget\" data-widget_type=\"html.default\">\n\t\t\t\t<div class=\"elementor-widget-container\">\n\t\t\t\t\t<script>\r\njQuery(document).ready(function($){\r\n  \/\/ \u00e0 chaque clic sur un titre d'onglet Elementor\r\n  $('.elementor-tab-title').on('click', function(){\r\n    var index = $(this).index(); \r\n    \/\/ dans le contenu de l'onglet ouvert, on ajuste toutes les tables\r\n    $('.elementor-tab-content').eq(index)\r\n      .find('table.dataTable')\r\n      .each(function(){\r\n        $(this).DataTable().columns.adjust().draw();\r\n      });\r\n  });\r\n  \r\n  \/\/ (optionnel) si vous voulez aussi recalculer au redimensionnement de fen\u00eatre\r\n  $(window).on('resize', function(){\r\n    $('table.dataTable').each(function(){\r\n      $(this).DataTable().columns.adjust();\r\n    });\r\n  });\r\n});\r\n<\/script>\r\n\t\t\t\t<\/div>\n\t\t\t\t<\/div>\n\t\t\t\t\t<\/div>\n\t\t<\/div>\n\t\t\t\t\t<\/div>\n\t\t<\/section>\n\t\t\t\t<\/div>","protected":false},"excerpt":{"rendered":"<p>Premi\u00e8re Fois? Afin d&#8217;acc\u00e9der \u00e0 votre Espace Personnel, vous devez d&#8217;abord cr\u00e9er un compte.Enregistrez-vous d\u00e8s maintenant \u00e0 partir d&#8217;ici. Cr\u00e9er un compte Connexion You are Logged in as admin (Logout) Ajouter un Abstract Retour Communications Orales Communications Affich\u00e9es Communications Orales Search Entries: Format de l&#039;\u00e9tude &mdash;IMRADCas clinique Th\u00e8mes &mdash;1- Hypophyse2- Thyro\u00efde3- Gonades Reproduction4- Surr\u00e9nale5- Parathyro\u00efdes [&hellip;]<\/p>","protected":false},"author":1,"featured_media":0,"parent":0,"menu_order":0,"comment_status":"closed","ping_status":"closed","template":"","meta":{"site-sidebar-layout":"default","site-content-layout":"","ast-site-content-layout":"default","site-content-style":"default","site-sidebar-style":"default","ast-global-header-display":"","ast-banner-title-visibility":"","ast-main-header-display":"","ast-hfb-above-header-display":"","ast-hfb-below-header-display":"","ast-hfb-mobile-header-display":"","site-post-title":"disabled","ast-breadcrumbs-content":"","ast-featured-img":"","footer-sml-layout":"","theme-transparent-header-meta":"","adv-header-id-meta":"","stick-header-meta":"","header-above-stick-meta":"","header-main-stick-meta":"","header-below-stick-meta":"","astra-migrate-meta-layouts":"default","ast-page-background-enabled":"default","ast-page-background-meta":{"desktop":{"background-color":"var(--ast-global-color-4)","background-image":"","background-repeat":"repeat","background-position":"center center","background-size":"auto","background-attachment":"scroll","background-type":"","background-media":"","overlay-type":"","overlay-color":"","overlay-opacity":"","overlay-gradient":""},"tablet":{"background-color":"","background-image":"","background-repeat":"repeat","background-position":"center center","background-size":"auto","background-attachment":"scroll","background-type":"","background-media":"","overlay-type":"","overlay-color":"","overlay-opacity":"","overlay-gradient":""},"mobile":{"background-color":"","background-image":"","background-repeat":"repeat","background-position":"center center","background-size":"auto","background-attachment":"scroll","background-type":"","background-media":"","overlay-type":"","overlay-color":"","overlay-opacity":"","overlay-gradient":""}},"ast-content-background-meta":{"desktop":{"background-color":"var(--ast-global-color-5)","background-image":"","background-repeat":"repeat","background-position":"center center","background-size":"auto","background-attachment":"scroll","background-type":"","background-media":"","overlay-type":"","overlay-color":"","overlay-opacity":"","overlay-gradient":""},"tablet":{"background-color":"var(--ast-global-color-5)","background-image":"","background-repeat":"repeat","background-position":"center center","background-size":"auto","background-attachment":"scroll","background-type":"","background-media":"","overlay-type":"","overlay-color":"","overlay-opacity":"","overlay-gradient":""},"mobile":{"background-color":"var(--ast-global-color-5)","background-image":"","background-repeat":"repeat","background-position":"center center","background-size":"auto","background-attachment":"scroll","background-type":"","background-media":"","overlay-type":"","overlay-color":"","overlay-opacity":"","overlay-gradient":""}},"footnotes":""},"class_list":["post-1702","page","type-page","status-publish","hentry"],"ams_acf":[],"_links":{"self":[{"href":"https:\/\/caf.saem-dz.org\/en\/wp-json\/wp\/v2\/pages\/1702","targetHints":{"allow":["GET"]}}],"collection":[{"href":"https:\/\/caf.saem-dz.org\/en\/wp-json\/wp\/v2\/pages"}],"about":[{"href":"https:\/\/caf.saem-dz.org\/en\/wp-json\/wp\/v2\/types\/page"}],"author":[{"embeddable":true,"href":"https:\/\/caf.saem-dz.org\/en\/wp-json\/wp\/v2\/users\/1"}],"replies":[{"embeddable":true,"href":"https:\/\/caf.saem-dz.org\/en\/wp-json\/wp\/v2\/comments?post=1702"}],"version-history":[{"count":340,"href":"https:\/\/caf.saem-dz.org\/en\/wp-json\/wp\/v2\/pages\/1702\/revisions"}],"predecessor-version":[{"id":4815,"href":"https:\/\/caf.saem-dz.org\/en\/wp-json\/wp\/v2\/pages\/1702\/revisions\/4815"}],"wp:attachment":[{"href":"https:\/\/caf.saem-dz.org\/en\/wp-json\/wp\/v2\/media?parent=1702"}],"curies":[{"name":"wp","href":"https:\/\/api.w.org\/{rel}","templated":true}]}}