{"id":2318,"date":"2023-09-02T18:42:14","date_gmt":"2023-09-02T18:42:14","guid":{"rendered":"https:\/\/abstracts.saem-dz.org\/?page_id=2318"},"modified":"2025-09-17T12:22:11","modified_gmt":"2025-09-17T11:22:11","slug":"soumission-abstracts","status":"publish","type":"page","link":"https:\/\/caf.saem-dz.org\/en\/soumission-abstracts\/","title":{"rendered":"soumission Abstracts"},"content":{"rendered":"<div data-elementor-type=\"wp-page\" data-elementor-id=\"2318\" class=\"elementor elementor-2318\" data-elementor-post-type=\"page\">\n\t\t\t\t\t\t<section class=\"elementor-section elementor-top-section elementor-element elementor-element-fe22b57 elementor-section-boxed elementor-section-height-default elementor-section-height-default\" data-id=\"fe22b57\" data-element_type=\"section\">\n\t\t\t\t\t\t<div class=\"elementor-container elementor-column-gap-default\">\n\t\t\t\t\t<div class=\"elementor-column elementor-col-100 elementor-top-column elementor-element elementor-element-c8ab217\" data-id=\"c8ab217\" data-element_type=\"column\">\n\t\t\t<div class=\"elementor-widget-wrap elementor-element-populated\">\n\t\t\t\t\t\t<div class=\"elementor-element elementor-element-de988fb elementor-widget elementor-widget-spacer\" data-id=\"de988fb\" data-element_type=\"widget\" data-widget_type=\"spacer.default\">\n\t\t\t\t<div class=\"elementor-widget-container\">\n\t\t\t\t\t\t\t<div class=\"elementor-spacer\">\n\t\t\t<div class=\"elementor-spacer-inner\"><\/div>\n\t\t<\/div>\n\t\t\t\t\t\t<\/div>\n\t\t\t\t<\/div>\n\t\t\t\t\t<\/div>\n\t\t<\/div>\n\t\t\t\t\t<\/div>\n\t\t<\/section>\n\t\t\t\t<section class=\"elementor-section elementor-top-section elementor-element elementor-element-d527d51 elementor-section-boxed elementor-section-height-default elementor-section-height-default\" data-id=\"d527d51\" data-element_type=\"section\">\n\t\t\t\t\t\t<div class=\"elementor-container elementor-column-gap-default\">\n\t\t\t\t\t<div class=\"elementor-column elementor-col-100 elementor-top-column elementor-element elementor-element-b0651ca\" data-id=\"b0651ca\" data-element_type=\"column\" data-settings=\"{&quot;background_background&quot;:&quot;classic&quot;}\">\n\t\t\t<div class=\"elementor-widget-wrap elementor-element-populated\">\n\t\t\t\t\t\t<div data-dce-advanced-background-color=\"#2E99C2\" class=\"elementor-element elementor-element-c2b95d4 elementor-widget elementor-widget-heading\" data-id=\"c2b95d4\" data-element_type=\"widget\" data-widget_type=\"heading.default\">\n\t\t\t\t<div class=\"elementor-widget-container\">\n\t\t\t\t\t<h2 class=\"elementor-heading-title elementor-size-default\">6th African Congress of Endocrinology  <\/h2>\t\t\t\t<\/div>\n\t\t\t\t<\/div>\n\t\t\t\t<section class=\"elementor-section elementor-inner-section elementor-element elementor-element-a41dbba elementor-section-boxed elementor-section-height-default elementor-section-height-default\" data-id=\"a41dbba\" data-element_type=\"section\">\n\t\t\t\t\t\t<div class=\"elementor-container elementor-column-gap-default\">\n\t\t\t\t\t<div class=\"elementor-column elementor-col-50 elementor-inner-column elementor-element elementor-element-57769e8\" data-id=\"57769e8\" data-element_type=\"column\">\n\t\t\t<div class=\"elementor-widget-wrap elementor-element-populated\">\n\t\t\t\t\t\t<div class=\"elementor-element elementor-element-2306993 dce_masking-none elementor-widget elementor-widget-image\" data-id=\"2306993\" data-element_type=\"widget\" data-widget_type=\"image.default\">\n\t\t\t\t<div class=\"elementor-widget-container\">\n\t\t\t\t\t\t\t\t\t\t\t\t\t\t\t<img fetchpriority=\"high\" decoding=\"async\" width=\"724\" height=\"1024\" src=\"https:\/\/caf.saem-dz.org\/wp-content\/uploads\/2025\/08\/Affiche-v2-724x1024.png\" class=\"attachment-large size-large wp-image-4627\" alt=\"\" srcset=\"https:\/\/caf.saem-dz.org\/wp-content\/uploads\/2025\/08\/Affiche-v2-724x1024.png 724w, https:\/\/caf.saem-dz.org\/wp-content\/uploads\/2025\/08\/Affiche-v2-212x300.png 212w, https:\/\/caf.saem-dz.org\/wp-content\/uploads\/2025\/08\/Affiche-v2-768x1086.png 768w, https:\/\/caf.saem-dz.org\/wp-content\/uploads\/2025\/08\/Affiche-v2-1086x1536.png 1086w, https:\/\/caf.saem-dz.org\/wp-content\/uploads\/2025\/08\/Affiche-v2-1448x2048.png 1448w, https:\/\/caf.saem-dz.org\/wp-content\/uploads\/2025\/08\/Affiche-v2-8x12.png 8w, https:\/\/caf.saem-dz.org\/wp-content\/uploads\/2025\/08\/Affiche-v2-scaled.png 1811w\" sizes=\"(max-width: 724px) 100vw, 724px\" \/>\t\t\t\t\t\t\t\t\t\t\t\t\t\t\t<\/div>\n\t\t\t\t<\/div>\n\t\t\t\t\t<\/div>\n\t\t<\/div>\n\t\t\t\t<div class=\"elementor-column elementor-col-50 elementor-inner-column elementor-element elementor-element-8447cbb\" data-id=\"8447cbb\" data-element_type=\"column\">\n\t\t\t<div class=\"elementor-widget-wrap elementor-element-populated\">\n\t\t\t\t\t\t<div class=\"elementor-element elementor-element-6e88a96 elementor-widget elementor-widget-text-editor\" data-id=\"6e88a96\" data-element_type=\"widget\" data-widget_type=\"text-editor.default\">\n\t\t\t\t<div class=\"elementor-widget-container\">\n\t\t\t\t\t\t\t\t\t<p>The Algerian Society of Endocrinology &amp; Metabolism is pleased to announce the organization of the 6th African Congress of Endocrinology Metabolism Nutrition (SAEMN) and the African Diabetes Congress (ADC) combined with the 40th annual SAEM congress in Algiers from October 23 to 25, 2025.<\/p><p>The conference theme is:<\/p><p><strong>\"Management of endocrinopathies and diabetes during pregnancy, childhood, and the elderly: the contribution of new technologies and artificial intelligence in endocrinology and diabetology.\"<\/strong><\/p>\t\t\t\t\t\t\t\t<\/div>\n\t\t\t\t<\/div>\n\t\t\t\t\t<\/div>\n\t\t<\/div>\n\t\t\t\t\t<\/div>\n\t\t<\/section>\n\t\t\t\t\t<\/div>\n\t\t<\/div>\n\t\t\t\t\t<\/div>\n\t\t<\/section>\n\t\t\t\t<section class=\"elementor-section elementor-top-section elementor-element elementor-element-de8ea07 elementor-section-boxed elementor-section-height-default elementor-section-height-default\" data-id=\"de8ea07\" data-element_type=\"section\">\n\t\t\t\t\t\t<div class=\"elementor-container elementor-column-gap-default\">\n\t\t\t\t\t<div class=\"elementor-column elementor-col-100 elementor-top-column elementor-element elementor-element-d0fabaf\" data-id=\"d0fabaf\" data-element_type=\"column\">\n\t\t\t<div class=\"elementor-widget-wrap elementor-element-populated\">\n\t\t\t\t\t\t<section class=\"elementor-section elementor-inner-section elementor-element elementor-element-af38df4 elementor-section-boxed elementor-section-height-default elementor-section-height-default\" data-id=\"af38df4\" data-element_type=\"section\">\n\t\t\t\t\t\t<div class=\"elementor-container elementor-column-gap-default\">\n\t\t\t\t\t<div class=\"elementor-column elementor-col-100 elementor-inner-column elementor-element elementor-element-92e991d\" data-id=\"92e991d\" data-element_type=\"column\" data-settings=\"{&quot;background_background&quot;:&quot;classic&quot;}\">\n\t\t\t<div class=\"elementor-widget-wrap elementor-element-populated\">\n\t\t\t\t\t\t<div data-dce-advanced-background-color=\"#2E99C2\" class=\"elementor-element elementor-element-26007e3 elementor-widget elementor-widget-heading\" data-id=\"26007e3\" data-element_type=\"widget\" data-widget_type=\"heading.default\">\n\t\t\t\t<div class=\"elementor-widget-container\">\n\t\t\t\t\t<h3 class=\"elementor-heading-title elementor-size-default\">Abstracts Recommendations<\/h3>\t\t\t\t<\/div>\n\t\t\t\t<\/div>\n\t\t\t\t<div class=\"elementor-element elementor-element-6cfb7bb elementor-widget elementor-widget-text-editor\" data-id=\"6cfb7bb\" data-element_type=\"widget\" data-widget_type=\"text-editor.default\">\n\t\t\t\t<div class=\"elementor-widget-container\">\n\t\t\t\t\t\t\t\t\t<p>Regarding summaries, we remind you of the following instructions:<\/p><ul><li>Word Format<\/li><li>languages \u200b\u200b\u200b\u200baccepted: English, French<\/li><li>\u00c9tude (IMRAD) : Objectif, Mat\u00e9riel\/Patients et M\u00e9thodes, R\u00e9sultats, Discussion<\/li><li>Clinical Case(s): Introduction, Observation(s), Discussion<\/li><li>Font: Times New Roman 12<\/li><li>The title must be in capital letters<\/li><li>Each abstract must be a maximum of 300 words (including bibliography), without figures or tables.<\/li><\/ul>\t\t\t\t\t\t\t\t<\/div>\n\t\t\t\t<\/div>\n\t\t<!-- dce invisible element 53f48aa -->\t\t<div class=\"elementor-element elementor-element-1d59097 elementor-widget elementor-widget-spacer\" data-id=\"1d59097\" data-element_type=\"widget\" data-widget_type=\"spacer.default\">\n\t\t\t\t<div class=\"elementor-widget-container\">\n\t\t\t\t\t\t\t<div class=\"elementor-spacer\">\n\t\t\t<div class=\"elementor-spacer-inner\"><\/div>\n\t\t<\/div>\n\t\t\t\t\t\t<\/div>\n\t\t\t\t<\/div>\n\t\t\t\t\t<\/div>\n\t\t<\/div>\n\t\t\t\t\t<\/div>\n\t\t<\/section>\n\t\t\t\t\t<\/div>\n\t\t<\/div>\n\t\t\t\t\t<\/div>\n\t\t<\/section>\n\t\t\t\t<section class=\"elementor-section elementor-top-section elementor-element elementor-element-8fda91e elementor-section-boxed elementor-section-height-default elementor-section-height-default\" data-id=\"8fda91e\" data-element_type=\"section\">\n\t\t\t\t\t\t<div class=\"elementor-container elementor-column-gap-default\">\n\t\t\t\t\t<div class=\"elementor-column elementor-col-100 elementor-top-column elementor-element elementor-element-679defe\" data-id=\"679defe\" data-element_type=\"column\">\n\t\t\t<div class=\"elementor-widget-wrap elementor-element-populated\">\n\t\t\t\t\t\t<div class=\"elementor-element elementor-element-a129492 elementor-widget elementor-widget-spacer\" data-id=\"a129492\" data-element_type=\"widget\" data-widget_type=\"spacer.default\">\n\t\t\t\t<div class=\"elementor-widget-container\">\n\t\t\t\t\t\t\t<div class=\"elementor-spacer\">\n\t\t\t<div class=\"elementor-spacer-inner\"><\/div>\n\t\t<\/div>\n\t\t\t\t\t\t<\/div>\n\t\t\t\t<\/div>\n\t\t\t\t\t<\/div>\n\t\t<\/div>\n\t\t\t\t\t<\/div>\n\t\t<\/section>\n\t\t\t\t<section class=\"dce-visibility-event elementor-section elementor-top-section elementor-element elementor-element-f498d00 elementor-section-boxed elementor-section-height-default elementor-section-height-default\" data-id=\"f498d00\" data-element_type=\"section\" data-settings=\"{&quot;enabled_visibility&quot;:&quot;yes&quot;,&quot;dce_visibility_selected&quot;:&quot;yes&quot;}\">\n\t\t\t\t\t\t<div class=\"elementor-container elementor-column-gap-default\">\n\t\t\t\t\t<div class=\"elementor-column elementor-col-100 elementor-top-column elementor-element elementor-element-db14a39\" data-id=\"db14a39\" data-element_type=\"column\">\n\t\t\t<div class=\"elementor-widget-wrap elementor-element-populated\">\n\t\t\t\t\t\t<div class=\"elementor-element elementor-element-9642568 elementor-widget elementor-widget-heading\" data-id=\"9642568\" data-element_type=\"widget\" data-widget_type=\"heading.default\">\n\t\t\t\t<div class=\"elementor-widget-container\">\n\t\t\t\t\t<h4 class=\"elementor-heading-title elementor-size-default\">Please log in to display the submission form<\/h4>\t\t\t\t<\/div>\n\t\t\t\t<\/div>\n\t\t\t\t\t<\/div>\n\t\t<\/div>\n\t\t\t\t\t<\/div>\n\t\t<\/section>\n\t\t\t\t<section class=\"elementor-section elementor-top-section elementor-element elementor-element-d5d10ab elementor-section-boxed elementor-section-height-default elementor-section-height-default\" data-id=\"d5d10ab\" data-element_type=\"section\">\n\t\t\t\t\t\t<div class=\"elementor-container elementor-column-gap-default\">\n\t\t\t\t\t<div class=\"elementor-column elementor-col-100 elementor-top-column elementor-element elementor-element-c68a34b\" data-id=\"c68a34b\" data-element_type=\"column\">\n\t\t\t<div class=\"elementor-widget-wrap\">\n\t\t\t\t\t\t\t<\/div>\n\t\t<\/div>\n\t\t\t\t\t<\/div>\n\t\t<\/section>\n\t\t\t\t<section class=\"dce-visibility-event elementor-section elementor-top-section elementor-element elementor-element-34597073 elementor-section-boxed elementor-section-height-default elementor-section-height-default\" data-id=\"34597073\" data-element_type=\"section\" data-settings=\"{&quot;enabled_visibility&quot;:&quot;yes&quot;,&quot;dce_visibility_selected&quot;:&quot;yes&quot;}\">\n\t\t\t\t\t\t<div class=\"elementor-container elementor-column-gap-default\">\n\t\t\t\t\t<div class=\"elementor-column elementor-col-33 elementor-top-column elementor-element elementor-element-37569dff\" data-id=\"37569dff\" data-element_type=\"column\" data-settings=\"{&quot;background_background&quot;:&quot;classic&quot;}\">\n\t\t\t<div class=\"elementor-widget-wrap elementor-element-populated\">\n\t\t\t\t\t\t<div class=\"elementor-element elementor-element-494f5c13 elementor-widget elementor-widget-heading\" data-id=\"494f5c13\" data-element_type=\"widget\" data-widget_type=\"heading.default\">\n\t\t\t\t<div class=\"elementor-widget-container\">\n\t\t\t\t\t<h2 class=\"elementor-heading-title elementor-size-large\">First time ?<\/h2>\t\t\t\t<\/div>\n\t\t\t\t<\/div>\n\t\t\t\t<div class=\"elementor-element elementor-element-4f339681 elementor-widget elementor-widget-text-editor\" data-id=\"4f339681\" data-element_type=\"widget\" data-widget_type=\"text-editor.default\">\n\t\t\t\t<div class=\"elementor-widget-container\">\n\t\t\t\t\t\t\t\t\t<p>In order to access your personal space, you must first create an account.<br \/>Enregistrez-vous d\u00e8s maintenant \u00e0 partir d&#8217;ici.<\/p>\t\t\t\t\t\t\t\t<\/div>\n\t\t\t\t<\/div>\n\t\t\t\t\t<\/div>\n\t\t<\/div>\n\t\t\t\t<div class=\"elementor-column elementor-col-33 elementor-top-column elementor-element elementor-element-2de46564\" data-id=\"2de46564\" data-element_type=\"column\">\n\t\t\t<div class=\"elementor-widget-wrap elementor-element-populated\">\n\t\t\t\t\t\t<div class=\"elementor-element elementor-element-c16e28b elementor-widget elementor-widget-spacer\" data-id=\"c16e28b\" data-element_type=\"widget\" data-widget_type=\"spacer.default\">\n\t\t\t\t<div class=\"elementor-widget-container\">\n\t\t\t\t\t\t\t<div class=\"elementor-spacer\">\n\t\t\t<div class=\"elementor-spacer-inner\"><\/div>\n\t\t<\/div>\n\t\t\t\t\t\t<\/div>\n\t\t\t\t<\/div>\n\t\t\t\t\t<\/div>\n\t\t<\/div>\n\t\t\t\t<div class=\"elementor-column elementor-col-33 elementor-top-column elementor-element elementor-element-36fa2b64\" data-id=\"36fa2b64\" data-element_type=\"column\" data-settings=\"{&quot;background_background&quot;:&quot;classic&quot;}\">\n\t\t\t<div class=\"elementor-widget-wrap elementor-element-populated\">\n\t\t\t\t\t\t<div class=\"elementor-element elementor-element-6b30198 elementor-widget elementor-widget-heading\" data-id=\"6b30198\" data-element_type=\"widget\" data-widget_type=\"heading.default\">\n\t\t\t\t<div class=\"elementor-widget-container\">\n\t\t\t\t\t<h2 class=\"elementor-heading-title elementor-size-large\">Login<\/h2>\t\t\t\t<\/div>\n\t\t\t\t<\/div>\n\t\t\t\t<div class=\"elementor-element elementor-element-22c08e elementor-button-align-center elementor-widget elementor-widget-pp-login-form\" data-id=\"22c08e\" data-element_type=\"widget\" data-settings=\"{&quot;enable_ajax&quot;:&quot;yes&quot;,&quot;enable_recaptcha&quot;:&quot;no&quot;,&quot;facebook_login&quot;:&quot;no&quot;}\" data-widget_type=\"pp-login-form.default\">\n\t\t\t\t<div class=\"elementor-widget-container\">\n\t\t\t\t\t\t\t<div class=\"pp-login-form-wrap\" data-page-url=\"https:\/\/caf.saem-dz.org\/en\/soumission-abstracts\/\">\n\n\t\t\n\t\t\t<form class=\"pp-form pp-login-form elementor-form\" id=\"pp-form-22c08e\" method=\"post\" action=\"https:\/\/caf.saem-dz.org\/wp-login.php\">\n\t\t\t\t\t\t\t\t<input type=\"hidden\" id=\"ppe-lf-login-nonce\" name=\"ppe-lf-login-nonce\" value=\"5acae45c7e\" \/><input type=\"hidden\" name=\"_wp_http_referer\" value=\"\/en\/wp-json\/wp\/v2\/pages\/2318\" \/>\t\t\t\t<input type=\"hidden\" name=\"redirect_to\" value=\"\/en\/wp-json\/wp\/v2\/pages\/2318\">\n\t\t\t\t<div class=\"elementor-form-fields-wrapper\">\n\t\t\t\t\t<div class=\"elementor-field-type-text elementor-field-group elementor-column elementor-col-100 elementor-field-required\">\n\t\t\t\t\t\t<label for=\"user\" class=\"elementor-field-label\">E-mail address<\/label><input size=\"1\" type=\"text\" name=\"log\" id=\"user\" placeholder=\"E-mail address\" class=\"elementor-field elementor-field-textual elementor-size-md\">\t\t\t\t\t<\/div>\n\t\t\t\t\t<div class=\"elementor-field-type-text elementor-field-group elementor-column elementor-col-100 form-field-password\">\n\t\t\t\t\t\t<label for=\"password\" class=\"elementor-field-label\">Password<\/label>\t\t\t\t\t\t<div class=\"pp-lf-field-inner\">\n\t\t\t\t\t\t\t<input size=\"1\" type=\"password\" name=\"pwd\" id=\"password\" placeholder=\"Mot de Passe\" class=\"elementor-field elementor-field-textual elementor-size-md\" >\n\t\t\t\t\t\t\t\t\t\t\t\t\t<\/div>\n\t\t\t\t\t<\/div>\n\n\t\t\t\t\t\n\t\t\t\t\t\n\t\t\t\t\t<div class=\"elementor-field-group elementor-column elementor-field-type-submit elementor-col-100\">\n\t\t\t\t\t\t<button type=\"submit\" class=\"elementor-size-sm elementor-button pp-submit-button\" name=\"wp-submit\">\n\t\t\t\t\t\t\t\t\t\t\t\t\t\t\t<span class=\"elementor-button-text\">Login<\/span>\n\t\t\t\t\t\t\t\t\t\t\t\t\t<\/button>\n\t\t\t\t\t<\/div>\n\n\t\t\t\t\t\t\t\t\t\t\t<div class=\"elementor-field-group elementor-column elementor-col-100 pp-login-form-links\">\n\t\t\t\t\t\t\t\t\t\t\t\t\t\t\t<a class=\"elementor-lost-password\" href=\"\/en\/wp-json\/wp\/v2\/pages\/2318?lost_pass=1\">\n\t\t\t\t\t\t\t\t\tForgot your password?\t\t\t\t\t\t\t\t<\/a>\n\t\t\t\t\t\t\t\n\t\t\t\t\t\t\t\t\t\t\t\t\t<\/div>\n\t\t\t\t\t\t\t\t\t<\/div>\n\t\t\t\t\t\t\t\t\n\t\t\t\t\t\t\t<\/form>\n\t\t\t\n\t\t<\/div>\n\t\t\t\t\t\t<\/div>\n\t\t\t\t<\/div>\n\t\t\t\t\t<\/div>\n\t\t<\/div>\n\t\t\t\t\t<\/div>\n\t\t<\/section>\n\t\t\t\t<section class=\"elementor-section elementor-top-section elementor-element elementor-element-396cde1 elementor-section-boxed elementor-section-height-default elementor-section-height-default\" data-id=\"396cde1\" data-element_type=\"section\">\n\t\t\t\t\t\t<div class=\"elementor-container elementor-column-gap-default\">\n\t\t\t\t\t<div class=\"elementor-column elementor-col-100 elementor-top-column elementor-element elementor-element-354efd4\" data-id=\"354efd4\" data-element_type=\"column\">\n\t\t\t<div class=\"elementor-widget-wrap elementor-element-populated\">\n\t\t\t\t\t\t<div class=\"elementor-element elementor-element-f8e6c62 elementor-widget elementor-widget-spacer\" data-id=\"f8e6c62\" data-element_type=\"widget\" data-widget_type=\"spacer.default\">\n\t\t\t\t<div class=\"elementor-widget-container\">\n\t\t\t\t\t\t\t<div class=\"elementor-spacer\">\n\t\t\t<div class=\"elementor-spacer-inner\"><\/div>\n\t\t<\/div>\n\t\t\t\t\t\t<\/div>\n\t\t\t\t<\/div>\n\t\t\t\t\t<\/div>\n\t\t<\/div>\n\t\t\t\t\t<\/div>\n\t\t<\/section>\n\t\t<!-- dce invisible element 1117b5b -->\t\t<section class=\"elementor-section elementor-top-section elementor-element elementor-element-af81b5c elementor-section-boxed elementor-section-height-default elementor-section-height-default\" data-id=\"af81b5c\" data-element_type=\"section\">\n\t\t\t\t\t\t<div class=\"elementor-container elementor-column-gap-default\">\n\t\t\t\t\t<div class=\"elementor-column elementor-col-100 elementor-top-column elementor-element elementor-element-b1ab75e\" data-id=\"b1ab75e\" data-element_type=\"column\">\n\t\t\t<div class=\"elementor-widget-wrap elementor-element-populated\">\n\t\t\t\t\t\t<div class=\"elementor-element elementor-element-e22c7d6 elementor-widget elementor-widget-spacer\" data-id=\"e22c7d6\" data-element_type=\"widget\" data-widget_type=\"spacer.default\">\n\t\t\t\t<div class=\"elementor-widget-container\">\n\t\t\t\t\t\t\t<div class=\"elementor-spacer\">\n\t\t\t<div class=\"elementor-spacer-inner\"><\/div>\n\t\t<\/div>\n\t\t\t\t\t\t<\/div>\n\t\t\t\t<\/div>\n\t\t\t\t\t<\/div>\n\t\t<\/div>\n\t\t\t\t\t<\/div>\n\t\t<\/section>\n\t\t\t\t<\/div>","protected":false},"excerpt":{"rendered":"<p>6\u00e8me congr\u00e8s Africains d&#8217;endocrinologie La Soci\u00e9t\u00e9 Alg\u00e9rienne d\u2019Endocrinologie &amp; M\u00e9tabolisme a le plaisir d\u2019annoncer l\u2019organisation du 6\u00e8me Congr\u00e8s Africain d\u2019Endocrinologie M\u00e9tabolisme Nutrition (SAEMN) et du Congr\u00e8s Africain du Diab\u00e8te (ADC) jumel\u00e9 au 40\u00e8me congr\u00e8s annuel de la SAEM \u00e0 Alger du 23 au 25 octobre 2025. Le th\u00e8me de la conf\u00e9rence est\u00a0: \u00ab\u00a0Prise en charge [&hellip;]<\/p>","protected":false},"author":1,"featured_media":0,"parent":0,"menu_order":0,"comment_status":"closed","ping_status":"closed","template":"elementor_theme","meta":{"site-sidebar-layout":"default","site-content-layout":"","ast-site-content-layout":"default","site-content-style":"default","site-sidebar-style":"default","ast-global-header-display":"","ast-banner-title-visibility":"","ast-main-header-display":"","ast-hfb-above-header-display":"","ast-hfb-below-header-display":"","ast-hfb-mobile-header-display":"","site-post-title":"disabled","ast-breadcrumbs-content":"","ast-featured-img":"","footer-sml-layout":"","theme-transparent-header-meta":"disabled","adv-header-id-meta":"","stick-header-meta":"","header-above-stick-meta":"","header-main-stick-meta":"","header-below-stick-meta":"","astra-migrate-meta-layouts":"set","ast-page-background-enabled":"default","ast-page-background-meta":{"desktop":{"background-color":"var(--ast-global-color-4)","background-image":"","background-repeat":"repeat","background-position":"center center","background-size":"auto","background-attachment":"scroll","background-type":"","background-media":"","overlay-type":"","overlay-color":"","overlay-opacity":"","overlay-gradient":""},"tablet":{"background-color":"","background-image":"","background-repeat":"repeat","background-position":"center center","background-size":"auto","background-attachment":"scroll","background-type":"","background-media":"","overlay-type":"","overlay-color":"","overlay-opacity":"","overlay-gradient":""},"mobile":{"background-color":"","background-image":"","background-repeat":"repeat","background-position":"center center","background-size":"auto","background-attachment":"scroll","background-type":"","background-media":"","overlay-type":"","overlay-color":"","overlay-opacity":"","overlay-gradient":""}},"ast-content-background-meta":{"desktop":{"background-color":"var(--ast-global-color-5)","background-image":"","background-repeat":"repeat","background-position":"center center","background-size":"auto","background-attachment":"scroll","background-type":"","background-media":"","overlay-type":"","overlay-color":"","overlay-opacity":"","overlay-gradient":""},"tablet":{"background-color":"var(--ast-global-color-5)","background-image":"","background-repeat":"repeat","background-position":"center center","background-size":"auto","background-attachment":"scroll","background-type":"","background-media":"","overlay-type":"","overlay-color":"","overlay-opacity":"","overlay-gradient":""},"mobile":{"background-color":"var(--ast-global-color-5)","background-image":"","background-repeat":"repeat","background-position":"center center","background-size":"auto","background-attachment":"scroll","background-type":"","background-media":"","overlay-type":"","overlay-color":"","overlay-opacity":"","overlay-gradient":""}},"footnotes":""},"class_list":["post-2318","page","type-page","status-publish","hentry"],"ams_acf":[],"_links":{"self":[{"href":"https:\/\/caf.saem-dz.org\/en\/wp-json\/wp\/v2\/pages\/2318","targetHints":{"allow":["GET"]}}],"collection":[{"href":"https:\/\/caf.saem-dz.org\/en\/wp-json\/wp\/v2\/pages"}],"about":[{"href":"https:\/\/caf.saem-dz.org\/en\/wp-json\/wp\/v2\/types\/page"}],"author":[{"embeddable":true,"href":"https:\/\/caf.saem-dz.org\/en\/wp-json\/wp\/v2\/users\/1"}],"replies":[{"embeddable":true,"href":"https:\/\/caf.saem-dz.org\/en\/wp-json\/wp\/v2\/comments?post=2318"}],"version-history":[{"count":380,"href":"https:\/\/caf.saem-dz.org\/en\/wp-json\/wp\/v2\/pages\/2318\/revisions"}],"predecessor-version":[{"id":4770,"href":"https:\/\/caf.saem-dz.org\/en\/wp-json\/wp\/v2\/pages\/2318\/revisions\/4770"}],"wp:attachment":[{"href":"https:\/\/caf.saem-dz.org\/en\/wp-json\/wp\/v2\/media?parent=2318"}],"curies":[{"name":"wp","href":"https:\/\/api.w.org\/{rel}","templated":true}]}}