{"id":4658,"date":"2025-09-14T15:18:10","date_gmt":"2025-09-14T14:18:10","guid":{"rendered":"https:\/\/caf.saem-dz.org\/?page_id=4658"},"modified":"2025-09-28T12:30:10","modified_gmt":"2025-09-28T11:30:10","slug":"admin-e-posters","status":"publish","type":"page","link":"https:\/\/caf.saem-dz.org\/en\/admin-e-posters\/","title":{"rendered":"Admin  e-posters"},"content":{"rendered":"<div data-elementor-type=\"wp-page\" data-elementor-id=\"4658\" class=\"elementor elementor-4658\" data-elementor-post-type=\"page\">\n\t\t\t\t<!-- dce invisible element 128c029d -->\t\t<section class=\"elementor-section elementor-top-section elementor-element elementor-element-a99e838 elementor-section-boxed elementor-section-height-default elementor-section-height-default\" data-id=\"a99e838\" data-element_type=\"section\" data-e-type=\"section\">\n\t\t\t\t\t\t<div class=\"elementor-container elementor-column-gap-default\">\n\t\t\t\t\t<div class=\"elementor-column elementor-col-100 elementor-top-column elementor-element elementor-element-2d257ee\" data-id=\"2d257ee\" data-element_type=\"column\" data-e-type=\"column\">\n\t\t\t<div class=\"elementor-widget-wrap\">\n\t\t\t\t\t\t\t<\/div>\n\t\t<\/div>\n\t\t\t\t\t<\/div>\n\t\t<\/section>\n\t\t\t\t<section class=\"elementor-section elementor-top-section elementor-element elementor-element-edd0fb4 elementor-section-full_width elementor-section-height-default elementor-section-height-default\" data-id=\"edd0fb4\" data-element_type=\"section\" data-e-type=\"section\">\n\t\t\t\t\t\t<div class=\"elementor-container elementor-column-gap-default\">\n\t\t\t\t\t<div class=\"elementor-column elementor-col-100 elementor-top-column elementor-element elementor-element-947089a\" data-id=\"947089a\" data-element_type=\"column\" data-e-type=\"column\">\n\t\t\t<div class=\"elementor-widget-wrap elementor-element-populated\">\n\t\t\t\t\t\t<div class=\"elementor-element elementor-element-b9795c4 elementor-widget elementor-widget-shortcode\" data-id=\"b9795c4\" data-element_type=\"widget\" data-e-type=\"widget\" data-widget_type=\"shortcode.default\">\n\t\t\t\t<div class=\"elementor-widget-container\">\n\t\t\t\t\t\t\t<div class=\"elementor-shortcode\"><div id=\"gv-view-4655-1\">\t\t<div class=\"gv-grid gv-widgets-header gv-widgets-no-results\">\n\t\t\t\t\t\t\t\t<div class=\"gv-grid-col-1-1 gv-left\">\n\t\t\t\t\t\t<script>\nvar gform;gform||(document.addEventListener(\"gform_main_scripts_loaded\",function(){gform.scriptsLoaded=!0}),document.addEventListener(\"gform\/theme\/scripts_loaded\",function(){gform.themeScriptsLoaded=!0}),window.addEventListener(\"DOMContentLoaded\",function(){gform.domLoaded=!0}),gform={domLoaded:!1,scriptsLoaded:!1,themeScriptsLoaded:!1,isFormEditor:()=>\"function\"==typeof InitializeEditor,callIfLoaded:function(o){return!(!gform.domLoaded||!gform.scriptsLoaded||!gform.themeScriptsLoaded&&!gform.isFormEditor()||(gform.isFormEditor()&&console.warn(\"The use of gform.initializeOnLoaded() is deprecated in the form editor context and will be removed in Gravity Forms 3.1.\"),o(),0))},initializeOnLoaded:function(o){gform.callIfLoaded(o)||(document.addEventListener(\"gform_main_scripts_loaded\",()=>{gform.scriptsLoaded=!0,gform.callIfLoaded(o)}),document.addEventListener(\"gform\/theme\/scripts_loaded\",()=>{gform.themeScriptsLoaded=!0,gform.callIfLoaded(o)}),window.addEventListener(\"DOMContentLoaded\",()=>{gform.domLoaded=!0,gform.callIfLoaded(o)}))},hooks:{action:{},filter:{}},addAction:function(o,r,e,t){gform.addHook(\"action\",o,r,e,t)},addFilter:function(o,r,e,t){gform.addHook(\"filter\",o,r,e,t)},doAction:function(o){gform.doHook(\"action\",o,arguments)},applyFilters:function(o){return gform.doHook(\"filter\",o,arguments)},removeAction:function(o,r){gform.removeHook(\"action\",o,r)},removeFilter:function(o,r,e){gform.removeHook(\"filter\",o,r,e)},addHook:function(o,r,e,t,n){null==gform.hooks[o][r]&&(gform.hooks[o][r]=[]);var d=gform.hooks[o][r];null==n&&(n=r+\"_\"+d.length),gform.hooks[o][r].push({tag:n,callable:e,priority:t=null==t?10:t})},doHook:function(r,o,e){var t;if(e=Array.prototype.slice.call(e,1),null!=gform.hooks[r][o]&&((o=gform.hooks[r][o]).sort(function(o,r){return o.priority-r.priority}),o.forEach(function(o){\"function\"!=typeof(t=o.callable)&&(t=window[t]),\"action\"==r?t.apply(null,e):e[0]=t.apply(null,e)})),\"filter\"==r)return e[0]},removeHook:function(o,r,t,n){var e;null!=gform.hooks[o][r]&&(e=(e=gform.hooks[o][r]).filter(function(o,r,e){return!!(null!=n&&n!=o.tag||null!=t&&t!=o.priority)}),gform.hooks[o][r]=e)}});\n<\/script>\n\n<form class=\"gv-widget-search gv-search-horizontal\" method=\"get\" action=\"https:\/\/caf.saem-dz.org\/en\/admin-e-posters\/#gv-view-4655-1\" data-viewid=\"4655\" data-trp-original-action=\"https:\/\/caf.saem-dz.org\/en\/admin-e-posters\/#gv-view-4655-1\">\n\n\t\n<div class=\"gv-search-box gv-search-field-text gv-search-field-search_all\">\n\t<div class=\"gv-search\">\n\t\t\t<label for=\"gv_search_4655\">Search Entries:<\/label>\n\t\t\t<p><input type=\"search\" name=\"gv_search\" id=\"gv_search_4655\" value=\"\" \/><\/p>\n\t<\/div>\n<\/div><div class=\"gv-search-box gv-search-field-select\">\n\t\t\t<label for=\"search-box-filter_32\">Themes<\/label>\n\t\t<p>\n\t\t<select name=\"filter_32\" id=\"search-box-filter_32\">\n\t\t\t<option value=\"\"  selected='selected'>&mdash;<\/option>\n\t\t\t\t\t\t\t\t\t\t\t\t<option value=\"1- Hypophyse\" >1- Pituitary Gland<\/option>\n\t\t\t\t\t\t\t\t\t\t\t\t\t\t\t\t<option value=\"2- Thyro\u00efde\" >2- Thyroid Gland<\/option>\n\t\t\t\t\t\t\t\t\t\t\t\t\t\t\t\t<option value=\"3- Gonades Reproduction\" >3- Gonads Reproduction<\/option>\n\t\t\t\t\t\t\t\t\t\t\t\t\t\t\t\t<option value=\"4- Surr\u00e9nale\" >4- Adrenal Gland<\/option>\n\t\t\t\t\t\t\t\t\t\t\t\t\t\t\t\t<option value=\"5- Parathyro\u00efdes Os Calcium\" >5- Parathyroid Gland Bone Calcium<\/option>\n\t\t\t\t\t\t\t\t\t\t\t\t\t\t\t\t<option value=\"6- Cancers NEM Tumeurs neuroendocrines\" >6- Cancers NEM Neuroendocrine Tumors<\/option>\n\t\t\t\t\t\t\t\t\t\t\t\t\t\t\t\t<option value=\"7- Diab\u00e8te\" >7- Diabetes<\/option>\n\t\t\t\t\t\t\t\t\t\t\t\t\t\t\t\t<option value=\"8- Ob\u00e9sit\u00e9 Dyslipid\u00e9mie M\u00e9tabolisme\" >8- Obesity Dyslipidemia Metabolism<\/option>\n\t\t\t\t\t\t\t\t\t\t\t\t\t\t\t\t<option value=\"9- Autres\" >9- Others<\/option>\n\t\t\t\t\t\t\t\t\t<\/select>\n\t<\/p>\n<\/div>\n<div class=\"gv-search-box gv-search-box-submit\">\n\t\t<input type=\"hidden\" name=\"mode\" value=\"any\" \/>\n\t<input type=\"submit\" class=\"button gv-search-button\" id=\"gv_search_button_4655\" value=\"Search\" \/>\n<\/div>\n<input type=\"hidden\" name=\"trp-form-language\" value=\"en\"\/><\/form>\n\t\t\t\t\t<\/div>\n\t\t\t\t\t\t\t\t\t\t\t\t<div class=\"gv-grid-col-1-2 gv-left\">\n\t\t\t\t\t\t\t\t\t\t\t<\/div>\n\t\t\t\t\t\t\t\t\t<div class=\"gv-grid-col-1-2 gv-right\">\n\t\t\t\t\t\t\t\t\t\t\t<\/div>\n\t\t\t\t\t\t\t\t\t<\/div>\n\n\t\t<div id=\"gv-datatables-4655\" class=\"gv-datatables-container gv-container gv-container-4655 gv-container-no-results\">\n<table data-viewid=\"4655\" class=\"gv-datatables display dataTable\">\n\t<thead>\n\t\t\t\t<tr>\n\t\t\t<th id=\"gv-field-25-31\" class=\"gv-field-25-31\"  scope=\"col\"><span class=\"gv-field-label\">Unique ID<\/span><\/th><th id=\"gv-field-25-32\" class=\"gv-field-25-32\"  scope=\"col\"><span class=\"gv-field-label\">Themes<\/span><\/th><th id=\"gv-field-25-11\" class=\"gv-field-25-11\"  scope=\"col\"><span class=\"gv-field-label\">Abstract Title :<\/span><\/th><th id=\"gv-field-25-12\" class=\"gv-field-25-12\"  scope=\"col\"><span class=\"gv-field-label\">Author<\/span><\/th><th id=\"gv-field-25-34\" class=\"gv-field-25-34\"  scope=\"col\"><span class=\"gv-field-label\">Service<\/span><\/th><th id=\"gv-field-25-33\" class=\"gv-field-25-33\"  scope=\"col\"><span class=\"gv-field-label\">Co-authors<\/span><\/th><th id=\"gv-field-25-30\" class=\"gv-field-25-30\"  scope=\"col\"><span class=\"gv-field-label\">Fichier E-Poster<\/span><\/th>\t\t<\/tr>\n\t<\/thead>\n\t<tfoot>\n\t\t<tr>\n\t\t\t<th id=\"gv-field-25-31\" class=\"gv-field-25-31\"  scope=\"col\"><span class=\"gv-field-label\">Unique ID<\/span><\/th><th id=\"gv-field-25-32\" class=\"gv-field-25-32\"  scope=\"col\"><span class=\"gv-field-label\">Themes<\/span><\/th><th id=\"gv-field-25-11\" class=\"gv-field-25-11\"  scope=\"col\"><span class=\"gv-field-label\">Abstract Title :<\/span><\/th><th id=\"gv-field-25-12\" class=\"gv-field-25-12\"  scope=\"col\"><span class=\"gv-field-label\">Author<\/span><\/th><th id=\"gv-field-25-34\" class=\"gv-field-25-34\"  scope=\"col\"><span class=\"gv-field-label\">Service<\/span><\/th><th id=\"gv-field-25-33\" class=\"gv-field-25-33\"  scope=\"col\"><span class=\"gv-field-label\">Co-authors<\/span><\/th><th id=\"gv-field-25-30\" class=\"gv-field-25-30\"  scope=\"col\"><span class=\"gv-field-label\">Fichier E-Poster<\/span><\/th>\t\t<\/tr>\n\t\t\t<\/tfoot>\n<\/table>\n<\/div><!-- end .gv-datatables-container -->\n\t\t<style>\n\t\t\t.fancybox-container {\n\t\t\t\tz-index: 100000; \/** Divi is 99999 *\/\n\t\t\t}\n\n\t\t\t.admin-bar .fancybox-container {\n\t\t\t\tmargin-top: 32px;\n\t\t\t}\n\t\t<\/style>\n\t\t<script>\n\t\t\tif ( window.Fancybox ){\n\t\t\t\tFancybox.bind(\".gravityview-fancybox\", {\"animationEffect\":\"fade\",\"toolbar\":true,\"closeExisting\":true,\"arrows\":true,\"buttons\":[\"thumbs\",\"close\"],\"i18n\":{\"en\":{\"CLOSE\":\"Close\",\"NEXT\":\"Next\",\"PREV\":\"Previous\",\"ERROR\":\"The requested content cannot be loaded. Please try again later.\",\"PLAY_START\":\"Start slideshow\",\"PLAY_STOP\":\"Pause slideshow\",\"FULL_SCREEN\":\"Full screen\",\"THUMBS\":\"Thumbnails\",\"DOWNLOAD\":\"Download\",\"SHARE\":\"Share\",\"ZOOM\":\"Zoom\"}}});\n\t\t\t}\n\t\t<\/script>\n\t\t        <script type=\"text\/javascript\">\n\t\t\t\t\tif ( ! window.gvDTglobals ) {\n\t\t\t\t\t\twindow.gvDTglobals = [];\n\t\t\t\t\t}\n\n\t\t\t\t\twindow.gvDTglobals.push({\"processing\":true,\"deferRender\":true,\"serverSide\":true,\"retrieve\":true,\"stateSave\":true,\"stateDuration\":-1,\"lengthMenu\":[[10,25,50,-1],[10,25,50,\"All\"]],\"language\":{\"processing\":\"<div class=\\\"dataTables_processing_text\\\">Loading data&hellip;<\\\/div>\",\"zeroRecords\":\"No entries match your request.\",\"emptyTable\":\"This search returned no results.\"},\"ajax\":{\"url\":\"https:\\\/\\\/caf.saem-dz.org\\\/wp-admin\\\/admin-ajax.php\",\"type\":\"POST\",\"data\":{\"action\":\"gv_datatables_data\",\"view_id\":4655,\"post_id\":4658,\"nonce\":\"1d35f60d1a\",\"getData\":false,\"hideUntilSearched\":\"0\",\"setUrlOnSearch\":true,\"noEntriesOption\":0,\"redirectURL\":\"\",\"shortcode_atts\":{\"id\":4655,\"class\":\"\",\"detail\":null}}},\"pageLength\":50,\"columns\":[{\"name\":\"gv_31\",\"width\":null,\"form_id\":\"25\",\"className\":\"\"},{\"name\":\"gv_32\",\"width\":null,\"form_id\":\"25\",\"className\":\"\"},{\"name\":\"gv_11\",\"width\":null,\"form_id\":\"25\",\"className\":\"\"},{\"name\":\"gv_12\",\"width\":null,\"form_id\":\"25\",\"className\":\"\"},{\"name\":\"gv_34\",\"width\":null,\"form_id\":\"25\",\"className\":\"\"},{\"name\":\"gv_33\",\"width\":null,\"form_id\":\"25\",\"className\":\"\"},{\"name\":\"gv_30\",\"width\":null,\"form_id\":\"25\",\"className\":\"\"}],\"searching\":true,\"dom\":\"Blrtip\",\"buttons\":[{\"extend\":\"excel\",\"text\":\"Excel\"}]});\n        <\/script>\n\t\t\t\t\t<script type=\"text\/javascript\">\n\t\t\t\tif (!window.gvDTFixedHeaderColumns) {\n\t\t\t\t\twindow.gvDTFixedHeaderColumns = [];\n\t\t\t\t}\n\n\t\t\t\twindow.gvDTFixedHeaderColumns.push({\"fixedheader\":0,\"fixedcolumns\":0});\n\t\t\t<\/script>\n\t\t\t\t\t<script type=\"text\/javascript\">\n\t\t\t\tif (!window.gvDTResponsive) {\n\t\t\t\t\twindow.gvDTResponsive = [];\n\t\t\t\t}\n\n\t\t\t\twindow.gvDTResponsive.push({\"responsive\":0});\n\t\t\t<\/script>\n\t\t\t\t<div class=\"gv-grid gv-widgets-footer gv-widgets-no-results\">\n\t\t\t\t\t\t\t\t<div class=\"gv-grid-col-1-1 gv-left\">\n\t\t\t\t\t\t\t\t\t\t\t<\/div>\n\t\t\t\t\t\t\t\t\t\t\t\t<div class=\"gv-grid-col-1-2 gv-left\">\n\t\t\t\t\t\t\t\t\t\t\t<\/div>\n\t\t\t\t\t\t\t\t\t<div class=\"gv-grid-col-1-2 gv-right\">\n\t\t\t\t\t\t\t\t\t\t\t<\/div>\n\t\t\t\t\t\t\t\t\t<\/div>\n\n\t\t<input type=\"hidden\" class=\"gravityview-view-id\" value=\"4655\"><\/div><\/div>\n\t\t\t\t\t\t<\/div>\n\t\t\t\t<\/div>\n\t\t\t\t\t<\/div>\n\t\t<\/div>\n\t\t\t\t\t<\/div>\n\t\t<\/section>\n\t\t\t\t<\/div>","protected":false},"excerpt":{"rendered":"","protected":false},"author":1,"featured_media":0,"parent":0,"menu_order":0,"comment_status":"closed","ping_status":"closed","template":"","meta":{"site-sidebar-layout":"default","site-content-layout":"","ast-site-content-layout":"default","site-content-style":"default","site-sidebar-style":"default","ast-global-header-display":"","ast-banner-title-visibility":"","ast-main-header-display":"","ast-hfb-above-header-display":"","ast-hfb-below-header-display":"","ast-hfb-mobile-header-display":"","site-post-title":"disabled","ast-breadcrumbs-content":"","ast-featured-img":"","footer-sml-layout":"","theme-transparent-header-meta":"","adv-header-id-meta":"","stick-header-meta":"","header-above-stick-meta":"","header-main-stick-meta":"","header-below-stick-meta":"","astra-migrate-meta-layouts":"default","ast-page-background-enabled":"default","ast-page-background-meta":{"desktop":{"background-color":"var(--ast-global-color-4)","background-image":"","background-repeat":"repeat","background-position":"center center","background-size":"auto","background-attachment":"scroll","background-type":"","background-media":"","overlay-type":"","overlay-color":"","overlay-opacity":"","overlay-gradient":""},"tablet":{"background-color":"","background-image":"","background-repeat":"repeat","background-position":"center center","background-size":"auto","background-attachment":"scroll","background-type":"","background-media":"","overlay-type":"","overlay-color":"","overlay-opacity":"","overlay-gradient":""},"mobile":{"background-color":"","background-image":"","background-repeat":"repeat","background-position":"center center","background-size":"auto","background-attachment":"scroll","background-type":"","background-media":"","overlay-type":"","overlay-color":"","overlay-opacity":"","overlay-gradient":""}},"ast-content-background-meta":{"desktop":{"background-color":"var(--ast-global-color-5)","background-image":"","background-repeat":"repeat","background-position":"center center","background-size":"auto","background-attachment":"scroll","background-type":"","background-media":"","overlay-type":"","overlay-color":"","overlay-opacity":"","overlay-gradient":""},"tablet":{"background-color":"var(--ast-global-color-5)","background-image":"","background-repeat":"repeat","background-position":"center center","background-size":"auto","background-attachment":"scroll","background-type":"","background-media":"","overlay-type":"","overlay-color":"","overlay-opacity":"","overlay-gradient":""},"mobile":{"background-color":"var(--ast-global-color-5)","background-image":"","background-repeat":"repeat","background-position":"center center","background-size":"auto","background-attachment":"scroll","background-type":"","background-media":"","overlay-type":"","overlay-color":"","overlay-opacity":"","overlay-gradient":""}},"footnotes":""},"class_list":["post-4658","page","type-page","status-publish","hentry"],"ams_acf":[],"_links":{"self":[{"href":"https:\/\/caf.saem-dz.org\/en\/wp-json\/wp\/v2\/pages\/4658","targetHints":{"allow":["GET"]}}],"collection":[{"href":"https:\/\/caf.saem-dz.org\/en\/wp-json\/wp\/v2\/pages"}],"about":[{"href":"https:\/\/caf.saem-dz.org\/en\/wp-json\/wp\/v2\/types\/page"}],"author":[{"embeddable":true,"href":"https:\/\/caf.saem-dz.org\/en\/wp-json\/wp\/v2\/users\/1"}],"replies":[{"embeddable":true,"href":"https:\/\/caf.saem-dz.org\/en\/wp-json\/wp\/v2\/comments?post=4658"}],"version-history":[{"count":7,"href":"https:\/\/caf.saem-dz.org\/en\/wp-json\/wp\/v2\/pages\/4658\/revisions"}],"predecessor-version":[{"id":4821,"href":"https:\/\/caf.saem-dz.org\/en\/wp-json\/wp\/v2\/pages\/4658\/revisions\/4821"}],"wp:attachment":[{"href":"https:\/\/caf.saem-dz.org\/en\/wp-json\/wp\/v2\/media?parent=4658"}],"curies":[{"name":"wp","href":"https:\/\/api.w.org\/{rel}","templated":true}]}}